{"id":75,"date":"2026-02-09T19:30:52","date_gmt":"2026-02-09T19:30:52","guid":{"rendered":"https:\/\/www.netshock.pl\/?page_id=75"},"modified":"2026-02-10T20:09:07","modified_gmt":"2026-02-10T20:09:07","slug":"contact","status":"publish","type":"page","link":"https:\/\/www.netshock.pl\/index.php\/contact\/","title":{"rendered":"Contact"},"content":{"rendered":"<link rel=\"stylesheet\" href=\"https:\/\/fonts.googleapis.com\/css2?family=Urbanist:wght@400;500;600;700;800\" \/>\n<div class=\"wp-block-group has-text-color has-background has-link-color wp-elements-85d7ceb5329caa53a3b523eb17564354 is-layout-constrained wp-container-core-group-is-layout-46c6f69b wp-block-group-is-layout-constrained\" style=\"color:#4c4c4c;background-color:#fffffe;margin-top:0;margin-bottom:0;padding-top:80px;padding-right:26px;padding-bottom:80px;padding-left:26px;font-size:clamp(14px, 0.875rem + ((1vw - 3.2px) * 0.122), 16px);font-style:normal;font-weight:400;line-height:1.6; font-family: 'Urbanist' !important;\" style=\"color:#4c4c4c;background-color:#fffffe;margin-top:0;margin-bottom:0;padding-top:80px;padding-right:26px;padding-bottom:80px;padding-left:26px;font-size:clamp(14px, 0.875rem + ((1vw - 3.2px) * 0.122), 16px);font-style:normal;font-weight:400;line-height:1.6\">\n<div class=\"wp-block-group is-content-justification-left is-layout-constrained wp-container-core-group-is-layout-2799bd65 wp-block-group-is-layout-constrained\"><link rel=\"stylesheet\" href=\"https:\/\/fonts.googleapis.com\/css2?family=Inter+Tight:wght@400;500;600;700;800\" \/>\n<h2 class=\"wp-block-heading has-text-color has-link-color wp-elements-92fd453353af5fd546d9f5e89e1a73e3\" style=\"color:#011436;font-size:clamp(25.984px, 1.624rem + ((1vw - 3.2px) * 1.099), 44px);font-style:normal;font-weight:600;line-height:1.2; font-family: 'Inter Tight' !important;\" style=\"color:#011436;font-size:clamp(25.984px, 1.624rem + ((1vw - 3.2px) * 1.099), 44px);font-style:normal;font-weight:600;line-height:1.2\">Kontakt z nami<\/h2>\n\n\n\n<p class=\"has-text-color has-link-color wp-elements-4e873549be1c74b8edffdb93fcb586e7\" style=\"color:#011436;margin-top:16px;margin-bottom:26px\">Masz pytania dotycz\u0105ce ekspansji na Amazon lub potrzebujesz audytu obecnych dzia\u0142a\u0144? Napisz do nas \u2013 przeanalizujemy Twoj\u0105 sytuacj\u0119 i wsp\u00f3lnie sprawdzimy, jak mo\u017cemy zwi\u0119kszy\u0107 rentowno\u015b\u0107 Twojej sprzeda\u017cy na rynkach zagranicznych.<\/p>\n\n\n\n<ul class=\"wp-block-social-links has-icon-color has-icon-background-color is-layout-flex wp-container-core-social-links-is-layout-2a402ce3 wp-block-social-links-is-layout-flex\">\n\n\n\n<li style=\"color:#fffffe;background-color:#011436;\" class=\"wp-social-link wp-social-link-linkedin  wp-block-social-link\"><a href=\"https:\/\/www.linkedin.com\/company\/netshock-pl\/\" class=\"wp-block-social-link-anchor\"><svg width=\"24\" height=\"24\" viewBox=\"0 0 24 24\" version=\"1.1\" xmlns=\"http:\/\/www.w3.org\/2000\/svg\" aria-hidden=\"true\" focusable=\"false\"><path d=\"M19.7,3H4.3C3.582,3,3,3.582,3,4.3v15.4C3,20.418,3.582,21,4.3,21h15.4c0.718,0,1.3-0.582,1.3-1.3V4.3 C21,3.582,20.418,3,19.7,3z M8.339,18.338H5.667v-8.59h2.672V18.338z M7.004,8.574c-0.857,0-1.549-0.694-1.549-1.548 c0-0.855,0.691-1.548,1.549-1.548c0.854,0,1.547,0.694,1.547,1.548C8.551,7.881,7.858,8.574,7.004,8.574z M18.339,18.338h-2.669 v-4.177c0-0.996-0.017-2.278-1.387-2.278c-1.389,0-1.601,1.086-1.601,2.206v4.249h-2.667v-8.59h2.559v1.174h0.037 c0.356-0.675,1.227-1.387,2.526-1.387c2.703,0,3.203,1.779,3.203,4.092V18.338z\"><\/path><\/svg><span class=\"wp-block-social-link-label screen-reader-text\">LinkedIn<\/span><\/a><\/li>\n\n<\/ul>\n<\/div>\n\n\n\n<div class=\"wp-block-columns is-layout-flex wp-container-core-columns-is-layout-cba8c6f2 wp-block-columns-is-layout-flex\" style=\"margin-top:60px\">\n<div class=\"wp-block-column is-vertically-aligned-top is-content-justification-left is-layout-constrained wp-container-core-column-is-layout-45164aaf wp-block-column-is-layout-constrained cozy-animation__initialized\">\n<div class=\"wp-block-contact-form-7-contact-form-selector ca-contact-form\">\n<div class=\"wpcf7 no-js\" id=\"wpcf7-f73-o1\" lang=\"pl-PL\" dir=\"ltr\" data-wpcf7-id=\"73\">\n<div class=\"screen-reader-response\"><p role=\"status\" aria-live=\"polite\" aria-atomic=\"true\"><\/p> <ul><\/ul><\/div>\n<form action=\"\/index.php\/wp-json\/wp\/v2\/pages\/75#wpcf7-f73-o1\" method=\"post\" class=\"wpcf7-form init\" aria-label=\"Formularz kontaktowy\" novalidate=\"novalidate\" data-status=\"init\">\n<fieldset class=\"hidden-fields-container\"><input type=\"hidden\" name=\"_wpcf7\" value=\"73\" \/><input type=\"hidden\" name=\"_wpcf7_version\" value=\"6.1.5\" \/><input type=\"hidden\" name=\"_wpcf7_locale\" value=\"pl_PL\" \/><input type=\"hidden\" name=\"_wpcf7_unit_tag\" value=\"wpcf7-f73-o1\" \/><input type=\"hidden\" name=\"_wpcf7_container_post\" value=\"0\" \/><input type=\"hidden\" name=\"_wpcf7_posted_data_hash\" value=\"\" \/>\n<\/fieldset>\n<p><label> Twoje imi\u0119 i nazwisko<br \/>\n<span class=\"wpcf7-form-control-wrap\" data-name=\"your-name\"><input size=\"40\" maxlength=\"400\" class=\"wpcf7-form-control wpcf7-text wpcf7-validates-as-required\" autocomplete=\"name\" aria-required=\"true\" aria-invalid=\"false\" value=\"\" type=\"text\" name=\"your-name\" \/><\/span> <\/label>\n<\/p>\n<p><label> Tw\u00f3j adres e-mail<br \/>\n<span class=\"wpcf7-form-control-wrap\" data-name=\"your-email\"><input size=\"40\" maxlength=\"400\" class=\"wpcf7-form-control wpcf7-email wpcf7-validates-as-required wpcf7-text wpcf7-validates-as-email\" autocomplete=\"email\" aria-required=\"true\" aria-invalid=\"false\" value=\"\" type=\"email\" name=\"your-email\" \/><\/span> <\/label>\n<\/p>\n<p><label> Temat<br \/>\n<span class=\"wpcf7-form-control-wrap\" data-name=\"your-subject\"><input size=\"40\" maxlength=\"400\" class=\"wpcf7-form-control wpcf7-text wpcf7-validates-as-required\" aria-required=\"true\" aria-invalid=\"false\" value=\"\" type=\"text\" name=\"your-subject\" \/><\/span> <\/label>\n<\/p>\n<p><label> Twoja wiadomo\u015b\u0107 (opcjonalne)<br \/>\n<span class=\"wpcf7-form-control-wrap\" data-name=\"your-message\"><textarea cols=\"40\" rows=\"10\" maxlength=\"2000\" class=\"wpcf7-form-control wpcf7-textarea\" aria-invalid=\"false\" name=\"your-message\"><\/textarea><\/span> <\/label>\n<\/p>\n<p><span class=\"wpcf7-form-control-wrap\" data-name=\"acceptance-246\"><span class=\"wpcf7-form-control wpcf7-acceptance\"><span class=\"wpcf7-list-item\"><label><input type=\"checkbox\" name=\"acceptance-246\" value=\"1\" aria-invalid=\"false\" \/><span class=\"wpcf7-list-item-label\">Potwierdzam, \u017ce zapozna\u0142em si\u0119 i akceptuj\u0119 Polityk\u0119 Ochrony Danych Osobowych.<\/span><\/label><\/span><\/span><\/span>\n<\/p>\n<p><input class=\"wpcf7-form-control wpcf7-submit has-spinner\" type=\"submit\" value=\"Wy\u015blij\" \/>\n<\/p><div class=\"wpcf7-response-output\" aria-hidden=\"true\"><\/div>\n<\/form>\n<\/div>\n<\/div>\n<\/div>\n\n\n\n<div class=\"wp-block-column is-vertically-aligned-center is-content-justification-center is-layout-constrained wp-container-core-column-is-layout-273813d2 wp-block-column-is-layout-constrained cozy-animation__initialized\" style=\"flex-basis:30%\">\n\n\n\n\n<div class=\"wp-block-group is-nowrap is-layout-flex wp-container-core-group-is-layout-a5bdbfea wp-block-group-is-layout-flex\">\n<div class=\"cozy-block-wrapper cozy-block-icon-wrapper\">\n\t<div class=\"wp-block-cozy-block-icon-picker\">\n\t\t\n<div class=\"cozy-block-icon-picker default\" id=\"cozyBlock_99b38f2f_5dd6_4200_a781_e86da3eb9814\"><svg width=\"22\" height=\"22\" viewBox=\"0 0 19 25\" xmlns=\"http:\/\/www.w3.org\/2000\/svg\" aria-hidden=\"true\" fill=\"#011436\"><path d=\"M8.41152 24.4956C1.31689 14.2105 0 13.1549 0 9.375C0 4.19731 4.19731 0 9.375 0C14.5527 0 18.75 4.19731 18.75 9.375C18.75 13.1549 17.4331 14.2105 10.3385 24.4956C9.8729 25.1682 8.87705 25.1681 8.41152 24.4956ZM9.375 13.2812C11.5324 13.2812 13.2812 11.5324 13.2812 9.375C13.2812 7.21763 11.5324 5.46875 9.375 5.46875C7.21763 5.46875 5.46875 7.21763 5.46875 9.375C5.46875 11.5324 7.21763 13.2812 9.375 13.2812Z\"><\/path><\/svg><\/div>\n\t<\/div>\n<\/div>\n\n\n<div class=\"wp-block-group is-layout-constrained wp-container-core-group-is-layout-19e250f3 wp-block-group-is-layout-constrained\"><link rel=\"stylesheet\" href=\"https:\/\/fonts.googleapis.com\/css2?family=Urbanist:wght@400;500;600;700;800\" \/>\n<h3 class=\"wp-block-heading\" style=\"margin-top:0px;margin-bottom:6px;font-size:clamp(14px, 0.875rem + ((1vw - 3.2px) * 0.244), 18px);font-style:normal;font-weight:600;line-height:1.2; font-family: 'Urbanist' !important;\" style=\"margin-top:0px;margin-bottom:6px;font-size:clamp(14px, 0.875rem + ((1vw - 3.2px) * 0.244), 18px);font-style:normal;font-weight:600;line-height:1.2\">Adres:<\/h3>\n\n\n\n<p>Plac Solny 14\/3, 50-062 Wroc\u0142aw<\/p>\n<\/div>\n<\/div>\n<\/div>\n<\/div>\n\n\n\n<p><\/p>\n<\/div>\n\n\n<link rel=\"stylesheet\" href=\"https:\/\/fonts.googleapis.com\/css2?family=Inter:wght@400;500;600;700;800\" \/>\n<div class=\"wp-block-group has-text-color has-link-color wp-elements-9afdd29a891e34ed8da365ae82293530 is-layout-constrained wp-container-core-group-is-layout-af35588e wp-block-group-is-layout-constrained\" style=\"color:#888889;margin-top:0;margin-bottom:0;padding-top:0px;padding-right:0px;padding-bottom:0px;padding-left:0px;font-size:clamp(14px, 0.875rem + ((1vw - 3.2px) * 0.122), 16px);font-style:normal;font-weight:400;line-height:1.6; font-family: 'Inter' !important;\" style=\"color:#888889;margin-top:0;margin-bottom:0;padding-top:0px;padding-right:0px;padding-bottom:0px;padding-left:0px;font-size:clamp(14px, 0.875rem + ((1vw - 3.2px) * 0.122), 16px);font-style:normal;font-weight:400;line-height:1.6\">\n<div class=\"wp-block-columns is-layout-flex wp-container-core-columns-is-layout-7ab3ea7b wp-block-columns-is-layout-flex\" style=\"margin-top:0;margin-bottom:0\">\n<div class=\"wp-block-column has-background is-layout-flow wp-container-core-column-is-layout-7d8fa2ea wp-block-column-is-layout-flow cozy-hover-effect__initialized\" style=\"border-radius:12px;background-color:#fffffe;padding-top:0px;padding-right:0px;padding-bottom:0px;padding-left:0px\" style=\"border-radius:12px;background-color:#fffffe;padding-top:0px;padding-right:0px;padding-bottom:0px;padding-left:0px\">\n<div style=\"width:100%; height: 100%; min-height: 450px; margin:0 auto; text-align:center;\">\n\t<iframe\n\t\twidth=\"100%\"\n\t\theight=\"100%\"\n\t\tstyle=\"border:0;\"\n\t\tloading=\"lazy\"\n\t\tallowfullscreen\n\t\tsrc=\"https:\/\/www.google.com\/maps\/embed?pb=!1m18!1m12!1m3!1d7085.275292463767!2d17.02886865030484!3d51.10803391093021!2m3!1f0!2f0!3f0!3m2!1i1024!2i768!4f13.1!3m3!1m2!1s0x470fc274e8ae7a09%3A0xbbfb4440d58fad23!2sPlac%20Solny%2014%2F3%2C%2050-062%20Wroc%C5%82aw!5e0!3m2!1spl!2spl!4v1770730654106!5m2!1spl!2spl\">\n\t<\/iframe>\n<\/div>\n<\/div>\n<\/div>\n\n\n\n<p><\/p>\n<\/div>\n","protected":false},"excerpt":{"rendered":"<p>Kontakt z nami Masz pytania dotycz\u0105ce ekspansji na Amazon lub potrzebujesz audytu obecnych dzia\u0142a\u0144? Napisz do nas \u2013 przeanalizujemy Twoj\u0105 sytuacj\u0119 i wsp\u00f3lnie sprawdzimy, jak mo\u017cemy zwi\u0119kszy\u0107 rentowno\u015b\u0107 Twojej sprzeda\u017cy na rynkach zagranicznych. Email: sample@example.com Telefon: +01(343-980)87 Adres: Plac Solny 14\/3, 50-062 Wroc\u0142aw<\/p>\n","protected":false},"author":1,"featured_media":0,"parent":0,"menu_order":0,"comment_status":"closed","ping_status":"closed","template":"blank-with-header-footer","meta":{"ca_portfolio_gallery_project_year":"","ca_portfolio_gallery_client":"","ca_portfolio_gallery_skills":"","ca_portfolio_gallery_url":"","ca_portfolio_gallery_images":"","footnotes":""},"class_list":["post-75","page","type-page","status-publish","hentry"],"yoast_head":"<!-- This site is optimized with the Yoast SEO plugin v27.4 - https:\/\/yoast.com\/product\/yoast-seo-wordpress\/ -->\n<title>Contact - NetShock.pl<\/title>\n<meta name=\"robots\" content=\"index, follow, max-snippet:-1, max-image-preview:large, max-video-preview:-1\" \/>\n<link rel=\"canonical\" href=\"https:\/\/www.netshock.pl\/index.php\/contact\/\" \/>\n<meta property=\"og:locale\" content=\"pl_PL\" \/>\n<meta property=\"og:type\" content=\"article\" \/>\n<meta property=\"og:title\" content=\"Contact - NetShock.pl\" \/>\n<meta property=\"og:description\" content=\"Kontakt z nami Masz pytania dotycz\u0105ce ekspansji na Amazon lub potrzebujesz audytu obecnych dzia\u0142a\u0144? Napisz do nas \u2013 przeanalizujemy Twoj\u0105 sytuacj\u0119 i wsp\u00f3lnie sprawdzimy, jak mo\u017cemy zwi\u0119kszy\u0107 rentowno\u015b\u0107 Twojej sprzeda\u017cy na rynkach zagranicznych. Email: sample@example.com Telefon: +01(343-980)87 Adres: Plac Solny 14\/3, 50-062 Wroc\u0142aw\" \/>\n<meta property=\"og:url\" content=\"https:\/\/www.netshock.pl\/index.php\/contact\/\" \/>\n<meta property=\"og:site_name\" content=\"NetShock.pl\" \/>\n<meta property=\"article:modified_time\" content=\"2026-02-10T20:09:07+00:00\" \/>\n<meta name=\"twitter:card\" content=\"summary_large_image\" \/>\n<script type=\"application\/ld+json\" class=\"yoast-schema-graph\">{\"@context\":\"https:\\\/\\\/schema.org\",\"@graph\":[{\"@type\":\"WebPage\",\"@id\":\"https:\\\/\\\/www.netshock.pl\\\/index.php\\\/contact\\\/\",\"url\":\"https:\\\/\\\/www.netshock.pl\\\/index.php\\\/contact\\\/\",\"name\":\"Contact - NetShock.pl\",\"isPartOf\":{\"@id\":\"https:\\\/\\\/www.netshock.pl\\\/#website\"},\"datePublished\":\"2026-02-09T19:30:52+00:00\",\"dateModified\":\"2026-02-10T20:09:07+00:00\",\"breadcrumb\":{\"@id\":\"https:\\\/\\\/www.netshock.pl\\\/index.php\\\/contact\\\/#breadcrumb\"},\"inLanguage\":\"pl-PL\",\"potentialAction\":[{\"@type\":\"ReadAction\",\"target\":[\"https:\\\/\\\/www.netshock.pl\\\/index.php\\\/contact\\\/\"]}]},{\"@type\":\"BreadcrumbList\",\"@id\":\"https:\\\/\\\/www.netshock.pl\\\/index.php\\\/contact\\\/#breadcrumb\",\"itemListElement\":[{\"@type\":\"ListItem\",\"position\":1,\"name\":\"Strona g\u0142\u00f3wna\",\"item\":\"https:\\\/\\\/www.netshock.pl\\\/\"},{\"@type\":\"ListItem\",\"position\":2,\"name\":\"Contact\"}]},{\"@type\":\"WebSite\",\"@id\":\"https:\\\/\\\/www.netshock.pl\\\/#website\",\"url\":\"https:\\\/\\\/www.netshock.pl\\\/\",\"name\":\"NetShock.pl\",\"description\":\"NetShock.pl\",\"potentialAction\":[{\"@type\":\"SearchAction\",\"target\":{\"@type\":\"EntryPoint\",\"urlTemplate\":\"https:\\\/\\\/www.netshock.pl\\\/?s={search_term_string}\"},\"query-input\":{\"@type\":\"PropertyValueSpecification\",\"valueRequired\":true,\"valueName\":\"search_term_string\"}}],\"inLanguage\":\"pl-PL\"}]}<\/script>\n<!-- \/ Yoast SEO plugin. -->","yoast_head_json":{"title":"Contact - NetShock.pl","robots":{"index":"index","follow":"follow","max-snippet":"max-snippet:-1","max-image-preview":"max-image-preview:large","max-video-preview":"max-video-preview:-1"},"canonical":"https:\/\/www.netshock.pl\/index.php\/contact\/","og_locale":"pl_PL","og_type":"article","og_title":"Contact - NetShock.pl","og_description":"Kontakt z nami Masz pytania dotycz\u0105ce ekspansji na Amazon lub potrzebujesz audytu obecnych dzia\u0142a\u0144? Napisz do nas \u2013 przeanalizujemy Twoj\u0105 sytuacj\u0119 i wsp\u00f3lnie sprawdzimy, jak mo\u017cemy zwi\u0119kszy\u0107 rentowno\u015b\u0107 Twojej sprzeda\u017cy na rynkach zagranicznych. Email: sample@example.com Telefon: +01(343-980)87 Adres: Plac Solny 14\/3, 50-062 Wroc\u0142aw","og_url":"https:\/\/www.netshock.pl\/index.php\/contact\/","og_site_name":"NetShock.pl","article_modified_time":"2026-02-10T20:09:07+00:00","twitter_card":"summary_large_image","schema":{"@context":"https:\/\/schema.org","@graph":[{"@type":"WebPage","@id":"https:\/\/www.netshock.pl\/index.php\/contact\/","url":"https:\/\/www.netshock.pl\/index.php\/contact\/","name":"Contact - NetShock.pl","isPartOf":{"@id":"https:\/\/www.netshock.pl\/#website"},"datePublished":"2026-02-09T19:30:52+00:00","dateModified":"2026-02-10T20:09:07+00:00","breadcrumb":{"@id":"https:\/\/www.netshock.pl\/index.php\/contact\/#breadcrumb"},"inLanguage":"pl-PL","potentialAction":[{"@type":"ReadAction","target":["https:\/\/www.netshock.pl\/index.php\/contact\/"]}]},{"@type":"BreadcrumbList","@id":"https:\/\/www.netshock.pl\/index.php\/contact\/#breadcrumb","itemListElement":[{"@type":"ListItem","position":1,"name":"Strona g\u0142\u00f3wna","item":"https:\/\/www.netshock.pl\/"},{"@type":"ListItem","position":2,"name":"Contact"}]},{"@type":"WebSite","@id":"https:\/\/www.netshock.pl\/#website","url":"https:\/\/www.netshock.pl\/","name":"NetShock.pl","description":"NetShock.pl","potentialAction":[{"@type":"SearchAction","target":{"@type":"EntryPoint","urlTemplate":"https:\/\/www.netshock.pl\/?s={search_term_string}"},"query-input":{"@type":"PropertyValueSpecification","valueRequired":true,"valueName":"search_term_string"}}],"inLanguage":"pl-PL"}]}},"_links":{"self":[{"href":"https:\/\/www.netshock.pl\/index.php\/wp-json\/wp\/v2\/pages\/75","targetHints":{"allow":["GET"]}}],"collection":[{"href":"https:\/\/www.netshock.pl\/index.php\/wp-json\/wp\/v2\/pages"}],"about":[{"href":"https:\/\/www.netshock.pl\/index.php\/wp-json\/wp\/v2\/types\/page"}],"author":[{"embeddable":true,"href":"https:\/\/www.netshock.pl\/index.php\/wp-json\/wp\/v2\/users\/1"}],"replies":[{"embeddable":true,"href":"https:\/\/www.netshock.pl\/index.php\/wp-json\/wp\/v2\/comments?post=75"}],"version-history":[{"count":22,"href":"https:\/\/www.netshock.pl\/index.php\/wp-json\/wp\/v2\/pages\/75\/revisions"}],"predecessor-version":[{"id":213,"href":"https:\/\/www.netshock.pl\/index.php\/wp-json\/wp\/v2\/pages\/75\/revisions\/213"}],"wp:attachment":[{"href":"https:\/\/www.netshock.pl\/index.php\/wp-json\/wp\/v2\/media?parent=75"}],"curies":[{"name":"wp","href":"https:\/\/api.w.org\/{rel}","templated":true}]}}