{"id":90,"date":"2026-02-09T20:19:24","date_gmt":"2026-02-09T20:19:24","guid":{"rendered":"https:\/\/www.netshock.pl\/?page_id=90"},"modified":"2026-02-10T13:25:35","modified_gmt":"2026-02-10T13:25:35","slug":"about","status":"publish","type":"page","link":"https:\/\/www.netshock.pl\/index.php\/about\/","title":{"rendered":"About"},"content":{"rendered":"<link rel=\"stylesheet\" href=\"https:\/\/fonts.googleapis.com\/css2?family=Urbanist:wght@400;500;600;700;800\" \/>\n<div class=\"wp-block-group has-text-color has-background has-link-color wp-elements-bc01b7e1aae699eee4b70f8e4c85c1de is-layout-constrained wp-container-core-group-is-layout-ae6d2e24 wp-block-group-is-layout-constrained\" style=\"color:#4c4c4c;background-color:#fffffe;margin-top:0;margin-bottom:0;padding-top:80px;padding-right:26px;padding-bottom:80px;padding-left:26px;font-size:clamp(14px, 0.875rem + ((1vw - 3.2px) * 0.366), 20px);font-style:normal;font-weight:400;line-height:1.6; font-family: 'Urbanist' !important;\" style=\"color:#4c4c4c;background-color:#fffffe;margin-top:0;margin-bottom:0;padding-top:80px;padding-right:26px;padding-bottom:80px;padding-left:26px;font-size:clamp(14px, 0.875rem + ((1vw - 3.2px) * 0.366), 20px);font-style:normal;font-weight:400;line-height:1.6\">\n<div class=\"wp-block-columns has-text-color has-link-color wp-elements-d1bb2681a7a29246d1a950e54e4ee3c5 is-layout-flex wp-container-core-columns-is-layout-55393789 wp-block-columns-is-layout-flex\" style=\"color:#011436;margin-top:0px;font-size:13px;font-style:normal;font-weight:600;text-transform:uppercase\">\n<div class=\"wp-block-column is-layout-flow wp-container-core-column-is-layout-7b6adaa4 wp-block-column-is-layout-flow cozy-hover-effect__initialized\" style=\"border-radius:4px;padding-top:0px;padding-right:0px;padding-bottom:0px;padding-left:0px\" style=\"border-radius:4px;padding-top:0px;padding-right:0px;padding-bottom:0px;padding-left:0px\"><link rel=\"stylesheet\" href=\"https:\/\/fonts.googleapis.com\/css2?family=Inter+Tight:wght@400;500;600;700;800\" \/>\n<div class=\"wp-block-group has-text-color has-link-color wp-elements-3ab8b8cb8b03a8b057ceea7962994b0e is-content-justification-left is-layout-flex wp-container-core-group-is-layout-5fd80236 wp-block-group-is-layout-flex cozy-hover-effect__initialized\" style=\"border-radius:0px;color:#011436;margin-top:0px;padding-top:0px;padding-right:0px;padding-bottom:0px;padding-left:0px; font-family: 'Inter Tight' !important;\" style=\"border-radius:0px;color:#011436;margin-top:0px;padding-top:0px;padding-right:0px;padding-bottom:0px;padding-left:0px\" style=\"border-radius:0px;color:#011436;margin-top:0px;padding-top:0px;padding-right:0px;padding-bottom:0px;padding-left:0px\"><div class=\"cozy-block-wrapper\">\n<div class=\"cozy-block-counter\" id=\"cozyBlock_98a9635c_3506_415c_a52d_25846ccebb6b\"><span>0<\/span><\/div>\n<\/div>\n\n\n<p class=\"has-text-color has-link-color wp-elements-aea35c1dcc2e2a64a1bf4b1fb64c6d93\" style=\"color:#011436;font-size:clamp(35.2px, 2.2rem + ((1vw - 3.2px) * 1.756), 64px);line-height:1.2\">k+<\/p>\n<\/div>\n\n\n\n<p style=\"border-top-color:#011436;border-top-style:solid;border-top-width:1px;margin-top:0px;margin-bottom:0px;padding-top:12px\">Aktywnych ofert pod nasz\u0105 opiek\u0105<\/p>\n<\/div>\n\n\n\n<div class=\"wp-block-column is-layout-flow wp-container-core-column-is-layout-7b6adaa4 wp-block-column-is-layout-flow cozy-hover-effect__initialized\" style=\"border-radius:4px;padding-top:0px;padding-right:0px;padding-bottom:0px;padding-left:0px\" style=\"border-radius:4px;padding-top:0px;padding-right:0px;padding-bottom:0px;padding-left:0px\"><link rel=\"stylesheet\" href=\"https:\/\/fonts.googleapis.com\/css2?family=Inter+Tight:wght@400;500;600;700;800\" \/>\n<div class=\"wp-block-group has-text-color has-link-color wp-elements-5e9e4d6aa58ed4a6f6520e5f2d3a0001 is-content-justification-left is-layout-flex wp-container-core-group-is-layout-5fd80236 wp-block-group-is-layout-flex cozy-hover-effect__initialized\" style=\"border-radius:0px;color:#011436;margin-top:0px;padding-top:0px;padding-right:0px;padding-bottom:0px;padding-left:0px; font-family: 'Inter Tight' !important;\" style=\"border-radius:0px;color:#011436;margin-top:0px;padding-top:0px;padding-right:0px;padding-bottom:0px;padding-left:0px\" style=\"border-radius:0px;color:#011436;margin-top:0px;padding-top:0px;padding-right:0px;padding-bottom:0px;padding-left:0px\"><div class=\"cozy-block-wrapper\">\n<div class=\"cozy-block-counter\" id=\"cozyBlock_0fc6216e_74fb_4239_8d31_099f89a9cdc3\"><span>0<\/span><\/div>\n<\/div>\n\n\n<p class=\"has-text-color has-link-color wp-elements-7ca8a183e6b5e85472a09882512100ea\" style=\"color:#011436;font-size:clamp(35.2px, 2.2rem + ((1vw - 3.2px) * 1.756), 64px);line-height:1.2\">+<\/p>\n<\/div>\n\n\n\n<p style=\"border-top-color:#011436;border-top-style:solid;border-top-width:1px;margin-top:0px;margin-bottom:0px;padding-top:12px\">Rynk\u00f3w europejskich w zasi\u0119gu r\u0119ki<\/p>\n<\/div>\n\n\n\n<div class=\"wp-block-column is-layout-flow wp-container-core-column-is-layout-7b6adaa4 wp-block-column-is-layout-flow cozy-hover-effect__initialized\" style=\"border-radius:4px;padding-top:0px;padding-right:0px;padding-bottom:0px;padding-left:0px\" style=\"border-radius:4px;padding-top:0px;padding-right:0px;padding-bottom:0px;padding-left:0px\"><link rel=\"stylesheet\" href=\"https:\/\/fonts.googleapis.com\/css2?family=Inter+Tight:wght@400;500;600;700;800\" \/>\n<div class=\"wp-block-group has-text-color has-link-color wp-elements-3f7d3f40a7a92332a15af1d80c074963 is-content-justification-left is-layout-flex wp-container-core-group-is-layout-5fd80236 wp-block-group-is-layout-flex cozy-hover-effect__initialized\" style=\"border-radius:0px;color:#011436;margin-top:0px;padding-top:0px;padding-right:0px;padding-bottom:0px;padding-left:0px; font-family: 'Inter Tight' !important;\" style=\"border-radius:0px;color:#011436;margin-top:0px;padding-top:0px;padding-right:0px;padding-bottom:0px;padding-left:0px\" style=\"border-radius:0px;color:#011436;margin-top:0px;padding-top:0px;padding-right:0px;padding-bottom:0px;padding-left:0px\">\n<p class=\"has-text-color has-link-color wp-elements-50ac42c9cf9f84818dd701e4e7fbe36b\" style=\"color:#011436;font-size:clamp(35.2px, 2.2rem + ((1vw - 3.2px) * 1.756), 64px);line-height:1.2\"> <\/p>\n\n\n<div class=\"cozy-block-wrapper\">\n<div class=\"cozy-block-counter\" id=\"cozyBlock_bc5b531e_7229_47aa_a999_9e683990f4be\"><span>0<\/span><\/div>\n<\/div>\n\n\n<p class=\"has-text-color has-link-color wp-elements-0743c4a1ad2bfb37b5b117bf0a4ed8e4\" style=\"color:#011436;font-size:clamp(35.2px, 2.2rem + ((1vw - 3.2px) * 1.756), 64px);line-height:1.2\">\u00b0<\/p>\n<\/div>\n\n\n\n<p style=\"border-top-color:#011436;border-top-style:solid;border-top-width:1px;margin-top:0px;margin-bottom:0px;padding-top:12px\">pe\u0142ne wsparcie: od logistyki po Ads<\/p>\n<\/div>\n<\/div>\n\n\n\n<div class=\"wp-block-columns is-layout-flex wp-container-core-columns-is-layout-371afe62 wp-block-columns-is-layout-flex\" style=\"margin-top:60px\">\n<div class=\"wp-block-column is-content-justification-left is-layout-constrained wp-container-core-column-is-layout-a29c34cb wp-block-column-is-layout-constrained\" style=\"flex-basis:55%\"><link rel=\"stylesheet\" href=\"https:\/\/fonts.googleapis.com\/css2?family=Inter+Tight:wght@400;500;600;700;800\" \/>\n<h2 class=\"wp-block-heading has-text-color has-link-color wp-elements-939d4cd089ae6b9aeda6cac852fd1735\" style=\"color:#011436;font-size:clamp(25.984px, 1.624rem + ((1vw - 3.2px) * 1.099), 44px);font-style:normal;font-weight:600;line-height:1.1; font-family: 'Inter Tight' !important;\" style=\"color:#011436;font-size:clamp(25.984px, 1.624rem + ((1vw - 3.2px) * 1.099), 44px);font-style:normal;font-weight:600;line-height:1.1\">Skalujemy polskie marki na najwi\u0119kszych rynkach Amazon w Europie<\/h2>\n<\/div>\n\n\n\n<div class=\"wp-block-column is-layout-flow wp-container-core-column-is-layout-1a0eff7f wp-block-column-is-layout-flow\">\n<p class=\"has-text-color has-link-color wp-elements-7d098c4e507dd5d71729b481e9e38f09\" style=\"color:#011436;font-style:normal;font-weight:600\">Wierzymy, \u017ce profesjonalne zarz\u0105dzanie sprzeda\u017c\u0105 to fundament sukcesu w globalnym e-commerce. Jako butikowa agencja \u0142\u0105czymy zwinno\u015b\u0107 dzia\u0142ania z szerok\u0105 wiedz\u0105 merytoryczn\u0105, dostarczaj\u0105c rozwi\u0105zania, kt\u00f3re realnie zwi\u0119kszaj\u0105 widoczno\u015b\u0107 i zyski Twojej marki.<\/p>\n\n\n\n<p>Nasz zesp\u00f3\u0142 tworz\u0105 specjali\u015bci od lat zwi\u0105zani z ekosystemem Amazon. Dzi\u0119ki po\u0142\u0105czeniu do\u015bwiadczenia w modelach Seller i Vendor, potrafimy sprawnie nawigowa\u0107 po skomplikowanych algorytmach i dynamicznie zmieniaj\u0105cych si\u0119 wymogach platformy, chroni\u0105c bezpiecze\u0144stwo Twojego konta.<\/p>\n\n\n\n<p>Stawiamy na partnerskie relacje i g\u0142\u0119bokie zrozumienie specyfiki Twojego produktu. Ka\u017cdy projekt traktujemy indywidualnie, optymalizuj\u0105c koszty reklamy i logistyki tak, aby ekspancja na rynki zagraniczne by\u0142a nie tylko szybka, ale przede wszystkim rentowna.<\/p>\n\n\n\n<p>Przejmujemy na siebie ci\u0119\u017car operacyjny: od rejestracji marki i budowy profesjonalnych tre\u015bci A+, po skomplikowane procesy compliance. Pozwalamy Ci skupi\u0107 si\u0119 na rozwoju produktu, podczas gdy my dbamy o to, by sta\u0142 si\u0119 on pierwszym wyborem klient\u00f3w w ca\u0142ej Europie.<\/p>\n<\/div>\n<\/div>\n<\/div>\n\n\n\n<p><\/p>\n\n\n<link rel=\"stylesheet\" href=\"https:\/\/fonts.googleapis.com\/css2?family=Inter:wght@400;500;600;700;800\" \/>\n<div class=\"wp-block-group is-style-section-4 is-layout-constrained wp-container-core-group-is-layout-63e865e2 wp-block-group-is-layout-constrained cozy-animation__initialized\" style=\"margin-top:0;margin-bottom:0;padding-top:0;padding-right:0;padding-bottom:0;padding-left:0;font-size:clamp(14px, 0.875rem + ((1vw - 3.2px) * 0.122), 16px);font-style:normal;font-weight:400;line-height:1.6; font-family: 'Inter' !important;\" data-aos=\"zoom-in-up\" data-aos-easing=\"ease\" data-aos-anchor-placement=\"top-center\" data-aos-duration=\"600\" style=\"margin-top:0;margin-bottom:0;padding-top:0;padding-right:0;padding-bottom:0;padding-left:0;font-size:clamp(14px, 0.875rem + ((1vw - 3.2px) * 0.122), 16px);font-style:normal;font-weight:400;line-height:1.6\">\n<div class=\"wp-block-cover\" style=\"margin-top:0;margin-bottom:0;padding-top:0;padding-right:26px;padding-bottom:0;padding-left:26px;min-height:500px;aspect-ratio:unset;\"><img decoding=\"async\" class=\"wp-block-cover__image-background\" alt=\"\" src=\"https:\/\/plugins.cozythemes.com\/cozy-addons\/assets\/media\/cta-32.png\" data-object-fit=\"cover\"\/><span aria-hidden=\"true\" class=\"wp-block-cover__background has-background-dim-70 has-background-dim\" style=\"background-color:#141f2c\"><\/span><div class=\"wp-block-cover__inner-container is-layout-constrained wp-container-core-cover-is-layout-448fba5d wp-block-cover-is-layout-constrained\">\n<p class=\"has-text-align-center has-text-color has-link-color wp-elements-004850a044b107fad9df5fd54edef0f5\" style=\"color:#fffffe;font-style:normal;font-weight:500;text-transform:uppercase\">\u2014\u2014\u2014 <\/p>\n\n\n<link rel=\"stylesheet\" href=\"https:\/\/fonts.googleapis.com\/css2?family=Poppins:wght@400;500;600;700;800\" \/>\n<h2 class=\"wp-block-heading has-text-align-center has-text-color has-link-color wp-elements-8ca4b682018d389c1989b4dff470fa43\" style=\"color:#fffffe;margin-top:6px;margin-bottom:26px;font-size:clamp(27.894px, 1.743rem + ((1vw - 3.2px) * 1.226), 48px);font-style:normal;font-weight:500;line-height:1.2; font-family: 'Poppins' !important;\" style=\"color:#fffffe;margin-top:6px;margin-bottom:26px;font-size:clamp(27.894px, 1.743rem + ((1vw - 3.2px) * 1.226), 48px);font-style:normal;font-weight:500;line-height:1.2\">Sprawd\u017amy potencja\u0142 Twojej sprzeda\u017cy na rynkach zagranicznych<\/h2>\n\n\n\n<div class=\"wp-block-buttons has-custom-font-size is-content-justification-center is-layout-flex wp-container-core-buttons-is-layout-45fe2526 wp-block-buttons-is-layout-flex\" style=\"margin-top:0px;margin-bottom:0;font-size:clamp(14px, 0.875rem + ((1vw - 3.2px) * 0.122), 16px);font-style:normal;font-weight:500\">\n<div class=\"wp-block-button cozy-button-hover-styles cozy-button__has-icon icon-position__after\" style=\"--cozyButtonBgColorHover: #141f2c; --cozyButtonColorHover: #fffffe; --cozyButtonBorderHover: #bebebe00; --cozy--icon--box-width: 24px; --cozy--icon--box-height: 16px; --cozy--icon--size: 22px; --cozy--icon--rotate: 0deg; --cozy--icon--margin--top: -5px; --cozy--icon--margin--bottom: 0px; --cozy--icon--gap: 6px; --cozy--icon--color: #141f2c; --cozy--icon--color-hover: #fffffe; --cozy--icon--svg: url('data:image\/svg+xml;utf8,%3Csvg%20xmlns%3D%22http%3A%2F%2Fwww.w3.org%2F2000%2Fsvg%22%20width%3D%2222px%22%20height%3D%2222px%22%20viewBox%3D%220%200%2024%2024%22%3E%3Cpath%20fill%3D%22currentColor%22%20d%3D%22M2%2012.5V11.5C2%2011.2239%202.22386%2011%202.5%2011H18.67L14.22%206.56C14.1253%206.46611%2014.0721%206.33832%2014.0721%206.205C14.0721%206.07168%2014.1253%205.94388%2014.22%205.85L14.93%205.15C15.0239%205.05534%2015.1517%205.0021%2015.285%205.0021C15.4183%205.0021%2015.5461%205.05534%2015.64%205.15L21.78%2011.28C21.9207%2011.4205%2021.9998%2011.6112%2022%2011.81V12.19C21.9977%2012.3884%2021.9189%2012.5783%2021.78%2012.72L15.64%2018.85C15.5461%2018.9447%2015.4183%2018.9979%2015.285%2018.9979C15.1517%2018.9979%2015.0239%2018.9447%2014.93%2018.85L14.22%2018.14C14.1259%2018.0478%2014.0729%2017.9217%2014.0729%2017.79C14.0729%2017.6583%2014.1259%2017.5322%2014.22%2017.44L18.67%2013H2.5C2.22386%2013%202%2012.7761%202%2012.5Z%22%2F%3E%3C%2Fsvg%3E'); \"><a class=\"wp-block-button__link has-text-color has-background has-link-color wp-element-button\" href=\"https:\/\/calendar.app.google\/t8Fo6kCaycWoR8Ld6\" style=\"border-radius:100px;color:#141f2c;background-color:#fffffe;padding-top:16px;padding-right:38px;padding-bottom:16px;padding-left:38px\">Um\u00f3w bezp\u0142atn\u0105 konsultacj\u0119<\/a><\/div>\n<\/div>\n<\/div><\/div>\n<\/div>\n","protected":false},"excerpt":{"rendered":"<p>k+ Aktywnych ofert pod nasz\u0105 opiek\u0105 + Rynk\u00f3w europejskich w zasi\u0119gu r\u0119ki \u00b0 pe\u0142ne wsparcie: od logistyki po Ads Skalujemy polskie marki na najwi\u0119kszych rynkach Amazon w Europie Wierzymy, \u017ce profesjonalne zarz\u0105dzanie sprzeda\u017c\u0105 to fundament sukcesu w globalnym e-commerce. Jako butikowa agencja \u0142\u0105czymy zwinno\u015b\u0107 dzia\u0142ania z szerok\u0105 wiedz\u0105 merytoryczn\u0105, dostarczaj\u0105c rozwi\u0105zania, kt\u00f3re realnie zwi\u0119kszaj\u0105 widoczno\u015b\u0107&#8230;<\/p>\n","protected":false},"author":1,"featured_media":0,"parent":0,"menu_order":0,"comment_status":"closed","ping_status":"closed","template":"blank-with-header-footer","meta":{"ca_portfolio_gallery_project_year":"","ca_portfolio_gallery_client":"","ca_portfolio_gallery_skills":"","ca_portfolio_gallery_url":"","ca_portfolio_gallery_images":"","footnotes":""},"class_list":["post-90","page","type-page","status-publish","hentry"],"yoast_head":"<!-- This site is optimized with the Yoast SEO plugin v27.4 - https:\/\/yoast.com\/product\/yoast-seo-wordpress\/ -->\n<title>About - NetShock.pl<\/title>\n<meta name=\"robots\" content=\"index, follow, max-snippet:-1, max-image-preview:large, max-video-preview:-1\" \/>\n<link rel=\"canonical\" href=\"http:\/\/www.netshock.pl\/index.php\/about\/\" \/>\n<meta property=\"og:locale\" content=\"pl_PL\" \/>\n<meta property=\"og:type\" content=\"article\" \/>\n<meta property=\"og:title\" content=\"About - NetShock.pl\" \/>\n<meta property=\"og:description\" content=\"k+ Aktywnych ofert pod nasz\u0105 opiek\u0105 + Rynk\u00f3w europejskich w zasi\u0119gu r\u0119ki \u00b0 pe\u0142ne wsparcie: od logistyki po Ads Skalujemy polskie marki na najwi\u0119kszych rynkach Amazon w Europie Wierzymy, \u017ce profesjonalne zarz\u0105dzanie sprzeda\u017c\u0105 to fundament sukcesu w globalnym e-commerce. Jako butikowa agencja \u0142\u0105czymy zwinno\u015b\u0107 dzia\u0142ania z szerok\u0105 wiedz\u0105 merytoryczn\u0105, dostarczaj\u0105c rozwi\u0105zania, kt\u00f3re realnie zwi\u0119kszaj\u0105 widoczno\u015b\u0107...\" \/>\n<meta property=\"og:url\" content=\"http:\/\/www.netshock.pl\/index.php\/about\/\" \/>\n<meta property=\"og:site_name\" content=\"NetShock.pl\" \/>\n<meta property=\"article:modified_time\" content=\"2026-02-10T13:25:35+00:00\" \/>\n<meta property=\"og:image\" content=\"https:\/\/plugins.cozythemes.com\/cozy-addons\/assets\/media\/cta-32.png\" \/>\n<meta name=\"twitter:card\" content=\"summary_large_image\" \/>\n<meta name=\"twitter:label1\" content=\"Szacowany czas czytania\" \/>\n\t<meta name=\"twitter:data1\" content=\"1 minuta\" \/>\n<script type=\"application\/ld+json\" class=\"yoast-schema-graph\">{\"@context\":\"https:\\\/\\\/schema.org\",\"@graph\":[{\"@type\":\"WebPage\",\"@id\":\"http:\\\/\\\/www.netshock.pl\\\/index.php\\\/about\\\/\",\"url\":\"http:\\\/\\\/www.netshock.pl\\\/index.php\\\/about\\\/\",\"name\":\"About - NetShock.pl\",\"isPartOf\":{\"@id\":\"https:\\\/\\\/www.netshock.pl\\\/#website\"},\"primaryImageOfPage\":{\"@id\":\"http:\\\/\\\/www.netshock.pl\\\/index.php\\\/about\\\/#primaryimage\"},\"image\":{\"@id\":\"http:\\\/\\\/www.netshock.pl\\\/index.php\\\/about\\\/#primaryimage\"},\"thumbnailUrl\":\"https:\\\/\\\/plugins.cozythemes.com\\\/cozy-addons\\\/assets\\\/media\\\/cta-32.png\",\"datePublished\":\"2026-02-09T20:19:24+00:00\",\"dateModified\":\"2026-02-10T13:25:35+00:00\",\"breadcrumb\":{\"@id\":\"http:\\\/\\\/www.netshock.pl\\\/index.php\\\/about\\\/#breadcrumb\"},\"inLanguage\":\"pl-PL\",\"potentialAction\":[{\"@type\":\"ReadAction\",\"target\":[\"http:\\\/\\\/www.netshock.pl\\\/index.php\\\/about\\\/\"]}]},{\"@type\":\"ImageObject\",\"inLanguage\":\"pl-PL\",\"@id\":\"http:\\\/\\\/www.netshock.pl\\\/index.php\\\/about\\\/#primaryimage\",\"url\":\"https:\\\/\\\/plugins.cozythemes.com\\\/cozy-addons\\\/assets\\\/media\\\/cta-32.png\",\"contentUrl\":\"https:\\\/\\\/plugins.cozythemes.com\\\/cozy-addons\\\/assets\\\/media\\\/cta-32.png\"},{\"@type\":\"BreadcrumbList\",\"@id\":\"http:\\\/\\\/www.netshock.pl\\\/index.php\\\/about\\\/#breadcrumb\",\"itemListElement\":[{\"@type\":\"ListItem\",\"position\":1,\"name\":\"Strona g\u0142\u00f3wna\",\"item\":\"https:\\\/\\\/www.netshock.pl\\\/\"},{\"@type\":\"ListItem\",\"position\":2,\"name\":\"About\"}]},{\"@type\":\"WebSite\",\"@id\":\"https:\\\/\\\/www.netshock.pl\\\/#website\",\"url\":\"https:\\\/\\\/www.netshock.pl\\\/\",\"name\":\"NetShock.pl\",\"description\":\"NetShock.pl\",\"potentialAction\":[{\"@type\":\"SearchAction\",\"target\":{\"@type\":\"EntryPoint\",\"urlTemplate\":\"https:\\\/\\\/www.netshock.pl\\\/?s={search_term_string}\"},\"query-input\":{\"@type\":\"PropertyValueSpecification\",\"valueRequired\":true,\"valueName\":\"search_term_string\"}}],\"inLanguage\":\"pl-PL\"}]}<\/script>\n<!-- \/ Yoast SEO plugin. -->","yoast_head_json":{"title":"About - NetShock.pl","robots":{"index":"index","follow":"follow","max-snippet":"max-snippet:-1","max-image-preview":"max-image-preview:large","max-video-preview":"max-video-preview:-1"},"canonical":"http:\/\/www.netshock.pl\/index.php\/about\/","og_locale":"pl_PL","og_type":"article","og_title":"About - NetShock.pl","og_description":"k+ Aktywnych ofert pod nasz\u0105 opiek\u0105 + Rynk\u00f3w europejskich w zasi\u0119gu r\u0119ki \u00b0 pe\u0142ne wsparcie: od logistyki po Ads Skalujemy polskie marki na najwi\u0119kszych rynkach Amazon w Europie Wierzymy, \u017ce profesjonalne zarz\u0105dzanie sprzeda\u017c\u0105 to fundament sukcesu w globalnym e-commerce. Jako butikowa agencja \u0142\u0105czymy zwinno\u015b\u0107 dzia\u0142ania z szerok\u0105 wiedz\u0105 merytoryczn\u0105, dostarczaj\u0105c rozwi\u0105zania, kt\u00f3re realnie zwi\u0119kszaj\u0105 widoczno\u015b\u0107...","og_url":"http:\/\/www.netshock.pl\/index.php\/about\/","og_site_name":"NetShock.pl","article_modified_time":"2026-02-10T13:25:35+00:00","og_image":[{"url":"https:\/\/plugins.cozythemes.com\/cozy-addons\/assets\/media\/cta-32.png","type":"","width":"","height":""}],"twitter_card":"summary_large_image","twitter_misc":{"Szacowany czas czytania":"1 minuta"},"schema":{"@context":"https:\/\/schema.org","@graph":[{"@type":"WebPage","@id":"http:\/\/www.netshock.pl\/index.php\/about\/","url":"http:\/\/www.netshock.pl\/index.php\/about\/","name":"About - NetShock.pl","isPartOf":{"@id":"https:\/\/www.netshock.pl\/#website"},"primaryImageOfPage":{"@id":"http:\/\/www.netshock.pl\/index.php\/about\/#primaryimage"},"image":{"@id":"http:\/\/www.netshock.pl\/index.php\/about\/#primaryimage"},"thumbnailUrl":"https:\/\/plugins.cozythemes.com\/cozy-addons\/assets\/media\/cta-32.png","datePublished":"2026-02-09T20:19:24+00:00","dateModified":"2026-02-10T13:25:35+00:00","breadcrumb":{"@id":"http:\/\/www.netshock.pl\/index.php\/about\/#breadcrumb"},"inLanguage":"pl-PL","potentialAction":[{"@type":"ReadAction","target":["http:\/\/www.netshock.pl\/index.php\/about\/"]}]},{"@type":"ImageObject","inLanguage":"pl-PL","@id":"http:\/\/www.netshock.pl\/index.php\/about\/#primaryimage","url":"https:\/\/plugins.cozythemes.com\/cozy-addons\/assets\/media\/cta-32.png","contentUrl":"https:\/\/plugins.cozythemes.com\/cozy-addons\/assets\/media\/cta-32.png"},{"@type":"BreadcrumbList","@id":"http:\/\/www.netshock.pl\/index.php\/about\/#breadcrumb","itemListElement":[{"@type":"ListItem","position":1,"name":"Strona g\u0142\u00f3wna","item":"https:\/\/www.netshock.pl\/"},{"@type":"ListItem","position":2,"name":"About"}]},{"@type":"WebSite","@id":"https:\/\/www.netshock.pl\/#website","url":"https:\/\/www.netshock.pl\/","name":"NetShock.pl","description":"NetShock.pl","potentialAction":[{"@type":"SearchAction","target":{"@type":"EntryPoint","urlTemplate":"https:\/\/www.netshock.pl\/?s={search_term_string}"},"query-input":{"@type":"PropertyValueSpecification","valueRequired":true,"valueName":"search_term_string"}}],"inLanguage":"pl-PL"}]}},"_links":{"self":[{"href":"https:\/\/www.netshock.pl\/index.php\/wp-json\/wp\/v2\/pages\/90","targetHints":{"allow":["GET"]}}],"collection":[{"href":"https:\/\/www.netshock.pl\/index.php\/wp-json\/wp\/v2\/pages"}],"about":[{"href":"https:\/\/www.netshock.pl\/index.php\/wp-json\/wp\/v2\/types\/page"}],"author":[{"embeddable":true,"href":"https:\/\/www.netshock.pl\/index.php\/wp-json\/wp\/v2\/users\/1"}],"replies":[{"embeddable":true,"href":"https:\/\/www.netshock.pl\/index.php\/wp-json\/wp\/v2\/comments?post=90"}],"version-history":[{"count":13,"href":"https:\/\/www.netshock.pl\/index.php\/wp-json\/wp\/v2\/pages\/90\/revisions"}],"predecessor-version":[{"id":151,"href":"https:\/\/www.netshock.pl\/index.php\/wp-json\/wp\/v2\/pages\/90\/revisions\/151"}],"wp:attachment":[{"href":"https:\/\/www.netshock.pl\/index.php\/wp-json\/wp\/v2\/media?parent=90"}],"curies":[{"name":"wp","href":"https:\/\/api.w.org\/{rel}","templated":true}]}}